{"id":126,"date":"2024-05-08T17:05:21","date_gmt":"2024-05-08T17:05:21","guid":{"rendered":"https:\/\/interchemica.com.mx\/wordpress\/?page_id=126"},"modified":"2024-06-06T02:11:36","modified_gmt":"2024-06-06T02:11:36","slug":"historia","status":"publish","type":"page","link":"https:\/\/staging-5.interchemica.com.mx\/index.php\/historia\/","title":{"rendered":"Historia"},"content":{"rendered":"\t\t<div data-elementor-type=\"wp-page\" data-elementor-id=\"126\" class=\"elementor elementor-126\">\n\t\t\t\t<div class=\"elementor-element elementor-element-72919c3 e-flex e-con-boxed wpr-particle-no wpr-jarallax-no wpr-parallax-no wpr-sticky-section-no e-con e-parent\" data-id=\"72919c3\" data-element_type=\"container\">\n\t\t\t\t\t<div class=\"e-con-inner\">\n\t\t\t\t<div class=\"elementor-element elementor-element-117e090 elementor-widget elementor-widget-timeline-widget-addon\" data-id=\"117e090\" data-element_type=\"widget\" data-widget_type=\"timeline-widget-addon.default\">\n\t\t\t\t<div class=\"elementor-widget-container\">\n\t\t\t<!-- ========= Timeline Widget  Addon For Elementor 1.6.2 ========= -->\r\n<div id=\"twae-wrapper-117e090\" class=\"twae-wrapper twae-horizontal-timeline\">\r\n<div class=\"twae-wrapper-inside\">\r\n <div id=\"twae-slider-container-117e090\" data-dir=\"\" data-slidestoshow=\"4\" data-autoplay=\"true\" data-auto-height=\"false\" class=\"twae-slider-container swiper-container\">\r\n <div  class=\"twae-slider-wrapper swiper-wrapper auto-height\"><!-- Start of Story Repeater Content --><div id=\"twae-article-d1a63aa\" class=\"twae-repeater-item twae-story swiper-slide twae-story-no-icon\"><!-- Story Label --><div class=\"twae-labels\"><div class=\"twae-label-big\">1960<\/div><div class=\"twae-label-small\">ICI<\/div><\/div><!-- Story Icon --><div class=\"twae-icon\"><\/div><!-- Story Arrow --><div class=\"twae-arrow\"><\/div><!-- Start of Story Content --><div class=\"twae-content\"><!-- Story Image --><div class=\"twae-media thumbnail\"><img decoding=\"async\" width=\"175\" height=\"175\" data-src=\"https:\/\/staging-5.interchemica.com.mx\/wp-content\/uploads\/2024\/05\/ICI_logo_low_res-175x175.png\" class=\"attachment-thumbnail size-thumbnail lazyload\" alt=\"\" data-srcset=\"https:\/\/staging-5.interchemica.com.mx\/wp-content\/uploads\/2024\/05\/ICI_logo_low_res-175x175.png 175w, https:\/\/staging-5.interchemica.com.mx\/wp-content\/uploads\/2024\/05\/ICI_logo_low_res-100x100.png 100w, https:\/\/staging-5.interchemica.com.mx\/wp-content\/uploads\/2024\/05\/ICI_logo_low_res.png 260w\" data-sizes=\"(max-width: 175px) 100vw, 175px\" src=\"data:image\/gif;base64,R0lGODlhAQABAAAAACH5BAEKAAEALAAAAAABAAEAAAICTAEAOw==\" style=\"--smush-placeholder-width: 175px; --smush-placeholder-aspect-ratio: 175\/175;\" \/><noscript><img decoding=\"async\" width=\"175\" height=\"175\" src=\"https:\/\/staging-5.interchemica.com.mx\/wp-content\/uploads\/2024\/05\/ICI_logo_low_res-175x175.png\" class=\"attachment-thumbnail size-thumbnail\" alt=\"\" srcset=\"https:\/\/staging-5.interchemica.com.mx\/wp-content\/uploads\/2024\/05\/ICI_logo_low_res-175x175.png 175w, https:\/\/staging-5.interchemica.com.mx\/wp-content\/uploads\/2024\/05\/ICI_logo_low_res-100x100.png 100w, https:\/\/staging-5.interchemica.com.mx\/wp-content\/uploads\/2024\/05\/ICI_logo_low_res.png 260w\" sizes=\"(max-width: 175px) 100vw, 175px\" \/><\/noscript><\/div><!-- Story Title --><div class=\"twae-title\">ICI<\/div><!-- Story Description --><div class=\"twae-description\"><p>Jos\u00e9 Antonio Herrera M\u00e9ndez, fundador, comienza su carrera profesional en 1960 trabajando para Imperial Chemical Industries (ICI), una de las compa\u00f1\u00edas qu\u00edmicas m\u00e1s importantes a nivel mundial. Durante una d\u00e9cada, adquiere una vasta experiencia en la industria qu\u00edmica, lo que sienta las bases para sus futuros emprendimientos.<\/p><\/div><\/div><\/div><!-- Start of Story Repeater Content --><div id=\"twae-article-cb12061\" class=\"twae-repeater-item twae-story swiper-slide twae-story-no-icon\"><!-- Story Label --><div class=\"twae-labels\"><div class=\"twae-label-big twae-label-big\">1970 <\/div><div class=\"twae-label-small twae-label-small\">Degussa<\/div><\/div><!-- Story Icon --><div class=\"twae-icon\"><i aria-hidden=\"true\" class=\"far fa-clock\"><\/i><\/div><!-- Story Arrow --><div class=\"twae-arrow\"><\/div><!-- Start of Story Content --><div class=\"twae-content\"><!-- Story Image --><div class=\"twae-media large\"><img decoding=\"async\" width=\"281\" height=\"150\" data-src=\"https:\/\/staging-5.interchemica.com.mx\/wp-content\/uploads\/2024\/05\/images.png\" class=\"attachment-large size-large lazyload\" alt=\"\" src=\"data:image\/gif;base64,R0lGODlhAQABAAAAACH5BAEKAAEALAAAAAABAAEAAAICTAEAOw==\" style=\"--smush-placeholder-width: 281px; --smush-placeholder-aspect-ratio: 281\/150;\" \/><noscript><img decoding=\"async\" width=\"281\" height=\"150\" src=\"https:\/\/staging-5.interchemica.com.mx\/wp-content\/uploads\/2024\/05\/images.png\" class=\"attachment-large size-large\" alt=\"\" \/><\/noscript><\/div><!-- Story Title --><div class=\"twae-title twae-title\">Degussa<\/div><!-- Story Description --><div class=\"twae-description twae-description\"><p>En la d\u00e9cada de 1970, Jos\u00e9 Antonio se une a Metaloqu\u00edmica Mexicana, la cual posteriormente se convierte en Degussa M\u00e9xico y actualmente conocida como Evonik. En Degussa M\u00e9xico, Jos\u00e9 Antonio ocupa el cargo de director comercial, donde fortalece sus habilidades en gesti\u00f3n y ventas dentro del sector qu\u00edmico.<\/p><\/div><\/div><\/div><!-- Start of Story Repeater Content --><div id=\"twae-article-d2958b9\" class=\"twae-repeater-item twae-story swiper-slide twae-story-no-icon\"><!-- Story Label --><div class=\"twae-labels\"><div class=\"twae-label-big twae-label-big twae-label-big\">1979<\/div><div class=\"twae-label-small twae-label-small twae-label-small\">Crecimiento<\/div><\/div><!-- Story Icon --><div class=\"twae-icon\"><i aria-hidden=\"true\" class=\"far fa-clock\"><\/i><\/div><!-- Story Arrow --><div class=\"twae-arrow\"><\/div><!-- Start of Story Content --><div class=\"twae-content\"><!-- Story Image --><div class=\"twae-media large\"><img fetchpriority=\"high\" decoding=\"async\" width=\"1024\" height=\"275\" src=\"https:\/\/staging-5.interchemica.com.mx\/wp-content\/uploads\/2024\/05\/LOGO-2-1024x275.png\" class=\"attachment-large size-large\" alt=\"\" srcset=\"https:\/\/staging-5.interchemica.com.mx\/wp-content\/uploads\/2024\/05\/LOGO-2-1024x275.png 1024w, https:\/\/staging-5.interchemica.com.mx\/wp-content\/uploads\/2024\/05\/LOGO-2-600x161.png 600w, https:\/\/staging-5.interchemica.com.mx\/wp-content\/uploads\/2024\/05\/LOGO-2-768x206.png 768w\" sizes=\"(max-width: 1024px) 100vw, 1024px\" \/><\/div><!-- Story Title --><div class=\"twae-title twae-title twae-title\">Crecimiento<\/div><!-- Story Description --><div class=\"twae-description twae-description twae-description\"><p>Julio: Fundaci\u00f3n de Grupo Intertrade<\/p><ul><li>Jos\u00e9 Antonio Herrera M\u00e9ndez funda Grupo Intertrade en julio de 1979, despu\u00e9s de una destacada trayectoria profesional.<\/li><li>La fundaci\u00f3n de la empresa ocurre en circunstancias inusuales. Jos\u00e9 Antonio, gravemente enfermo, recibe al notario en el hospital para redactar la escritura de la compa\u00f1\u00eda. As\u00ed, la primera \"oficina\" de Intertrade es, curiosamente, una cama de hospital. <strong>Forjando el esp\u00edritu de lucha que ser\u00e1 la base del futuro del Grupo<\/strong><\/li><\/ul><p>Septiembre: Primera venta y fundaci\u00f3n de Qu\u00edmica Anher<\/p><ul><li>En septiembre de ese mismo a\u00f1o, Intertrade logra su primera venta y funda Qu\u00edmica Anher, marcando el inicio formal de sus operaciones. Comienza como un grupo dedicado a la reventa de productos qu\u00edmicos como di\u00f3xido de titanio, pigmentos y resinas base agua.<\/li><\/ul><p>Transformaci\u00f3n de la empresa<\/p><ul><li>Intertrade se convierte en distribuidor mediante la obtenci\u00f3n de representaciones exclusivas para el territorio mexicano, como Degussa M\u00e9xico, Sintecrom en Brasil, Kemira de Finlandia y Emulsion Systems en EUA.<\/li><\/ul><p>\u00a0<\/p><\/div><\/div><\/div><!-- Start of Story Repeater Content --><div id=\"twae-article-8304e8d\" class=\"twae-repeater-item twae-story swiper-slide twae-story-no-icon\"><!-- Story Label --><div class=\"twae-labels\"><div class=\"twae-label-big twae-label-big twae-label-big twae-label-big\">1997<\/div><div class=\"twae-label-small twae-label-small twae-label-small twae-label-small\">Oficinas en Monterrey<\/div><\/div><!-- Story Icon --><div class=\"twae-icon\"><i aria-hidden=\"true\" class=\"far fa-clock\"><\/i><\/div><!-- Story Arrow --><div class=\"twae-arrow\"><\/div><!-- Start of Story Content --><div class=\"twae-content\"><!-- Story Title --><div class=\"twae-title twae-title twae-title twae-title\">Oficinas en Monterrey<\/div><!-- Story Description --><div class=\"twae-description twae-description twae-description twae-description\"><p>Grupo Intertrade expande sus operaciones inaugurando oficinas en Monterrey, lo que asegura un mejor servicio a sus clientes en la regi\u00f3n norte de M\u00e9xico.<\/p><\/div><\/div><\/div><!-- Start of Story Repeater Content --><div id=\"twae-article-e86e6f3\" class=\"twae-repeater-item twae-story swiper-slide twae-story-no-icon\"><!-- Story Label --><div class=\"twae-labels\"><div class=\"twae-label-big twae-label-big twae-label-big twae-label-big twae-label-big\">1998<\/div><div class=\"twae-label-small twae-label-small twae-label-small twae-label-small twae-label-small\">Almacen Guadalajara<\/div><\/div><!-- Story Icon --><div class=\"twae-icon\"><i aria-hidden=\"true\" class=\"far fa-clock\"><\/i><\/div><!-- Story Arrow --><div class=\"twae-arrow\"><\/div><!-- Start of Story Content --><div class=\"twae-content\"><!-- Story Title --><div class=\"twae-title twae-title twae-title twae-title twae-title\">Almacen Guadalajara<\/div><!-- Story Description --><div class=\"twae-description twae-description twae-description twae-description twae-description\"><p>Para optimizar la log\u00edstica y distribuci\u00f3n, Grupo Intertrade apertura un almac\u00e9n en Guadalajara, mejorando as\u00ed la disponibilidad y tiempos de entrega de sus productos en el occidente del pa\u00eds.<\/p><\/div><\/div><\/div><!-- Start of Story Repeater Content --><div id=\"twae-article-b9f6414\" class=\"twae-repeater-item twae-story swiper-slide twae-story-no-icon\"><!-- Story Label --><div class=\"twae-labels\"><div class=\"twae-label-big twae-label-big twae-label-big twae-label-big twae-label-big twae-label-big\">2006<\/div><div class=\"twae-label-small twae-label-small twae-label-small twae-label-small twae-label-small twae-label-small\">Fundaci\u00f3n Interchemica<\/div><\/div><!-- Story Icon --><div class=\"twae-icon\"><i aria-hidden=\"true\" class=\"far fa-clock\"><\/i><\/div><!-- Story Arrow --><div class=\"twae-arrow\"><\/div><!-- Start of Story Content --><div class=\"twae-content\"><!-- Story Image --><div class=\"twae-media large\"><img loading=\"lazy\" decoding=\"async\" width=\"1024\" height=\"268\" data-src=\"https:\/\/staging-5.interchemica.com.mx\/wp-content\/uploads\/2024\/05\/logo-interchemica-1-1024x268.png\" class=\"attachment-large size-large lazyload\" alt=\"\" data-srcset=\"https:\/\/staging-5.interchemica.com.mx\/wp-content\/uploads\/2024\/05\/logo-interchemica-1-1024x268.png 1024w, https:\/\/staging-5.interchemica.com.mx\/wp-content\/uploads\/2024\/05\/logo-interchemica-1-768x201.png 768w, https:\/\/staging-5.interchemica.com.mx\/wp-content\/uploads\/2024\/05\/logo-interchemica-1-1536x402.png 1536w, https:\/\/staging-5.interchemica.com.mx\/wp-content\/uploads\/2024\/05\/logo-interchemica-1-870x228.png 870w, https:\/\/staging-5.interchemica.com.mx\/wp-content\/uploads\/2024\/05\/logo-interchemica-1-600x157.png 600w, https:\/\/staging-5.interchemica.com.mx\/wp-content\/uploads\/2024\/05\/logo-interchemica-1-480x126.png 480w, https:\/\/staging-5.interchemica.com.mx\/wp-content\/uploads\/2024\/05\/logo-interchemica-1.png 1838w\" data-sizes=\"(max-width: 1024px) 100vw, 1024px\" src=\"data:image\/gif;base64,R0lGODlhAQABAAAAACH5BAEKAAEALAAAAAABAAEAAAICTAEAOw==\" style=\"--smush-placeholder-width: 1024px; --smush-placeholder-aspect-ratio: 1024\/268;\" \/><noscript><img loading=\"lazy\" decoding=\"async\" width=\"1024\" height=\"268\" src=\"https:\/\/staging-5.interchemica.com.mx\/wp-content\/uploads\/2024\/05\/logo-interchemica-1-1024x268.png\" class=\"attachment-large size-large\" alt=\"\" srcset=\"https:\/\/staging-5.interchemica.com.mx\/wp-content\/uploads\/2024\/05\/logo-interchemica-1-1024x268.png 1024w, https:\/\/staging-5.interchemica.com.mx\/wp-content\/uploads\/2024\/05\/logo-interchemica-1-768x201.png 768w, https:\/\/staging-5.interchemica.com.mx\/wp-content\/uploads\/2024\/05\/logo-interchemica-1-1536x402.png 1536w, https:\/\/staging-5.interchemica.com.mx\/wp-content\/uploads\/2024\/05\/logo-interchemica-1-870x228.png 870w, https:\/\/staging-5.interchemica.com.mx\/wp-content\/uploads\/2024\/05\/logo-interchemica-1-600x157.png 600w, https:\/\/staging-5.interchemica.com.mx\/wp-content\/uploads\/2024\/05\/logo-interchemica-1-480x126.png 480w, https:\/\/staging-5.interchemica.com.mx\/wp-content\/uploads\/2024\/05\/logo-interchemica-1.png 1838w\" sizes=\"(max-width: 1024px) 100vw, 1024px\" \/><\/noscript><\/div><!-- Story Title --><div class=\"twae-title twae-title twae-title twae-title twae-title twae-title\">Fundaci\u00f3n Interchemica<\/div><!-- Story Description --><div class=\"twae-description twae-description twae-description twae-description twae-description twae-description\"><p>Interchemica se funda en agosto de 2006 como una expansi\u00f3n natural del grupo, con enfoque en especialidades para distintas industrial del sector qu\u00edmico.<\/p><p>Almac\u00e9n Le\u00f3n<\/p><ul><li>Ese mismo a\u00f1o, Intertrade abre un almac\u00e9n en Le\u00f3n, donde fortalece su presencia y capacidad de distribuci\u00f3n en la regi\u00f3n del Baj\u00edo.<\/li><\/ul><p>Oficinas corporativas en Quer\u00e9taro<\/p><ul><li>El grupo establece sus oficinas corporativas en Quer\u00e9taro, centralizando sus operaciones administrativas y estrat\u00e9gicas.<\/li><\/ul><\/div><\/div><\/div><!-- Start of Story Repeater Content --><div id=\"twae-article-196169e\" class=\"twae-repeater-item twae-story swiper-slide twae-story-no-icon\"><!-- Story Label --><div class=\"twae-labels\"><div class=\"twae-label-big twae-label-big twae-label-big twae-label-big twae-label-big twae-label-big twae-label-big\">2010<\/div><div class=\"twae-label-small twae-label-small twae-label-small twae-label-small twae-label-small twae-label-small twae-label-small\">Certificaciones<\/div><\/div><!-- Story Icon --><div class=\"twae-icon\"><i aria-hidden=\"true\" class=\"far fa-clock\"><\/i><\/div><!-- Story Arrow --><div class=\"twae-arrow\"><\/div><!-- Start of Story Content --><div class=\"twae-content\"><!-- Story Image --><div class=\"twae-media large\"><img loading=\"lazy\" decoding=\"async\" width=\"1024\" height=\"1024\" data-src=\"https:\/\/staging-5.interchemica.com.mx\/wp-content\/uploads\/2024\/05\/ISO-9001.png\" class=\"attachment-large size-large lazyload\" alt=\"\" data-srcset=\"https:\/\/staging-5.interchemica.com.mx\/wp-content\/uploads\/2024\/05\/ISO-9001.png 1024w, https:\/\/staging-5.interchemica.com.mx\/wp-content\/uploads\/2024\/05\/ISO-9001-300x300.png 300w, https:\/\/staging-5.interchemica.com.mx\/wp-content\/uploads\/2024\/05\/ISO-9001-100x100.png 100w, https:\/\/staging-5.interchemica.com.mx\/wp-content\/uploads\/2024\/05\/ISO-9001-600x600.png 600w, https:\/\/staging-5.interchemica.com.mx\/wp-content\/uploads\/2024\/05\/ISO-9001-175x175.png 175w, https:\/\/staging-5.interchemica.com.mx\/wp-content\/uploads\/2024\/05\/ISO-9001-768x768.png 768w\" data-sizes=\"(max-width: 1024px) 100vw, 1024px\" src=\"data:image\/gif;base64,R0lGODlhAQABAAAAACH5BAEKAAEALAAAAAABAAEAAAICTAEAOw==\" style=\"--smush-placeholder-width: 1024px; --smush-placeholder-aspect-ratio: 1024\/1024;\" \/><noscript><img loading=\"lazy\" decoding=\"async\" width=\"1024\" height=\"1024\" src=\"https:\/\/staging-5.interchemica.com.mx\/wp-content\/uploads\/2024\/05\/ISO-9001.png\" class=\"attachment-large size-large\" alt=\"\" srcset=\"https:\/\/staging-5.interchemica.com.mx\/wp-content\/uploads\/2024\/05\/ISO-9001.png 1024w, https:\/\/staging-5.interchemica.com.mx\/wp-content\/uploads\/2024\/05\/ISO-9001-300x300.png 300w, https:\/\/staging-5.interchemica.com.mx\/wp-content\/uploads\/2024\/05\/ISO-9001-100x100.png 100w, https:\/\/staging-5.interchemica.com.mx\/wp-content\/uploads\/2024\/05\/ISO-9001-600x600.png 600w, https:\/\/staging-5.interchemica.com.mx\/wp-content\/uploads\/2024\/05\/ISO-9001-175x175.png 175w, https:\/\/staging-5.interchemica.com.mx\/wp-content\/uploads\/2024\/05\/ISO-9001-768x768.png 768w\" sizes=\"(max-width: 1024px) 100vw, 1024px\" \/><\/noscript><\/div><!-- Story Title --><div class=\"twae-title twae-title twae-title twae-title twae-title twae-title twae-title\">Certificaciones<\/div><!-- Story Description --><div class=\"twae-description twae-description twae-description twae-description twae-description twae-description twae-description\"><p>Certificaci\u00f3n ISO 9001<\/p><ul><li>Grupo Intertrade obtiene la certificaci\u00f3n ISO 9001, lo cual refleja su compromiso con la calidad y la mejora continua en sus procesos en los almacenes de Ciudad de M\u00e9xico, Guadalajara, Monterrey y Le\u00f3n.<\/li><\/ul><p>Laboratorio I+D en CDMX<\/p><ul><li>La empresa inaugura un laboratorio de Investigaci\u00f3n y Desarrollo en la Ciudad de M\u00e9xico, potencializando su capacidad de innovaci\u00f3n y creaci\u00f3n de nuevas soluciones para sus clientes.<\/li><\/ul><\/div><\/div><\/div><!-- Start of Story Repeater Content --><div id=\"twae-article-18ef058\" class=\"twae-repeater-item twae-story swiper-slide twae-story-no-icon\"><!-- Story Label --><div class=\"twae-labels\"><div class=\"twae-label-big twae-label-big twae-label-big twae-label-big twae-label-big twae-label-big twae-label-big twae-label-big\">2019<\/div><div class=\"twae-label-small twae-label-small twae-label-small twae-label-small twae-label-small twae-label-small twae-label-small twae-label-small\">Almac\u00e9n Quer\u00e9taro<\/div><\/div><!-- Story Icon --><div class=\"twae-icon\"><i aria-hidden=\"true\" class=\"far fa-clock\"><\/i><\/div><!-- Story Arrow --><div class=\"twae-arrow\"><\/div><!-- Start of Story Content --><div class=\"twae-content\"><!-- Story Image --><div class=\"twae-media large\"><img loading=\"lazy\" decoding=\"async\" width=\"1024\" height=\"321\" data-src=\"https:\/\/staging-5.interchemica.com.mx\/wp-content\/uploads\/2024\/05\/LOGO-3-1024x321.png\" class=\"attachment-large size-large lazyload\" alt=\"\" data-srcset=\"https:\/\/staging-5.interchemica.com.mx\/wp-content\/uploads\/2024\/05\/LOGO-3-1024x321.png 1024w, https:\/\/staging-5.interchemica.com.mx\/wp-content\/uploads\/2024\/05\/LOGO-3-600x188.png 600w, https:\/\/staging-5.interchemica.com.mx\/wp-content\/uploads\/2024\/05\/LOGO-3-768x241.png 768w, https:\/\/staging-5.interchemica.com.mx\/wp-content\/uploads\/2024\/05\/LOGO-3.png 2043w\" data-sizes=\"(max-width: 1024px) 100vw, 1024px\" src=\"data:image\/gif;base64,R0lGODlhAQABAAAAACH5BAEKAAEALAAAAAABAAEAAAICTAEAOw==\" style=\"--smush-placeholder-width: 1024px; --smush-placeholder-aspect-ratio: 1024\/321;\" \/><noscript><img loading=\"lazy\" decoding=\"async\" width=\"1024\" height=\"321\" src=\"https:\/\/staging-5.interchemica.com.mx\/wp-content\/uploads\/2024\/05\/LOGO-3-1024x321.png\" class=\"attachment-large size-large\" alt=\"\" srcset=\"https:\/\/staging-5.interchemica.com.mx\/wp-content\/uploads\/2024\/05\/LOGO-3-1024x321.png 1024w, https:\/\/staging-5.interchemica.com.mx\/wp-content\/uploads\/2024\/05\/LOGO-3-600x188.png 600w, https:\/\/staging-5.interchemica.com.mx\/wp-content\/uploads\/2024\/05\/LOGO-3-768x241.png 768w, https:\/\/staging-5.interchemica.com.mx\/wp-content\/uploads\/2024\/05\/LOGO-3.png 2043w\" sizes=\"(max-width: 1024px) 100vw, 1024px\" \/><\/noscript><\/div><!-- Story Title --><div class=\"twae-title twae-title twae-title twae-title twae-title twae-title twae-title twae-title\">Almac\u00e9n Quer\u00e9taro<\/div><!-- Story Description --><div class=\"twae-description twae-description twae-description twae-description twae-description twae-description twae-description twae-description\"><p>Almac\u00e9n en Quer\u00e9taro<\/p><ul><li>Se inaugura un nuevo almac\u00e9n en Quer\u00e9taro, incrementado la eficiencia log\u00edstica y el servicio al cliente.<\/li><\/ul><p>Divisiones de negocio<\/p><ul><li>Intertrade categoriza su cartera de l\u00edneas de negocio a trav\u00e9s de la creaci\u00f3n de nuevas divisiones:<\/li><li>TiO2 Technologies<\/li><li>Life Solutions<\/li><\/ul><\/div><\/div><\/div><!-- Start of Story Repeater Content --><div id=\"twae-article-96329c6\" class=\"twae-repeater-item twae-story swiper-slide twae-story-no-icon\"><!-- Story Label --><div class=\"twae-labels\"><div class=\"twae-label-big twae-label-big twae-label-big twae-label-big twae-label-big twae-label-big twae-label-big twae-label-big twae-label-big\">2023<\/div><div class=\"twae-label-small twae-label-small twae-label-small twae-label-small twae-label-small twae-label-small twae-label-small twae-label-small twae-label-small\">Nueva Divisi\u00f3n<\/div><\/div><!-- Story Icon --><div class=\"twae-icon\"><i aria-hidden=\"true\" class=\"far fa-clock\"><\/i><\/div><!-- Story Arrow --><div class=\"twae-arrow\"><\/div><!-- Start of Story Content --><div class=\"twae-content\"><!-- Story Image --><div class=\"twae-media large\"><img loading=\"lazy\" decoding=\"async\" width=\"1024\" height=\"791\" data-src=\"https:\/\/staging-5.interchemica.com.mx\/wp-content\/uploads\/2024\/05\/LOS-TRES-LOGOS-1024x791.png\" class=\"attachment-large size-large lazyload\" alt=\"\" data-srcset=\"https:\/\/staging-5.interchemica.com.mx\/wp-content\/uploads\/2024\/05\/LOS-TRES-LOGOS-1024x791.png 1024w, https:\/\/staging-5.interchemica.com.mx\/wp-content\/uploads\/2024\/05\/LOS-TRES-LOGOS-600x464.png 600w, https:\/\/staging-5.interchemica.com.mx\/wp-content\/uploads\/2024\/05\/LOS-TRES-LOGOS-768x593.png 768w\" data-sizes=\"(max-width: 1024px) 100vw, 1024px\" src=\"data:image\/gif;base64,R0lGODlhAQABAAAAACH5BAEKAAEALAAAAAABAAEAAAICTAEAOw==\" style=\"--smush-placeholder-width: 1024px; --smush-placeholder-aspect-ratio: 1024\/791;\" \/><noscript><img loading=\"lazy\" decoding=\"async\" width=\"1024\" height=\"791\" src=\"https:\/\/staging-5.interchemica.com.mx\/wp-content\/uploads\/2024\/05\/LOS-TRES-LOGOS-1024x791.png\" class=\"attachment-large size-large\" alt=\"\" srcset=\"https:\/\/staging-5.interchemica.com.mx\/wp-content\/uploads\/2024\/05\/LOS-TRES-LOGOS-1024x791.png 1024w, https:\/\/staging-5.interchemica.com.mx\/wp-content\/uploads\/2024\/05\/LOS-TRES-LOGOS-600x464.png 600w, https:\/\/staging-5.interchemica.com.mx\/wp-content\/uploads\/2024\/05\/LOS-TRES-LOGOS-768x593.png 768w\" sizes=\"(max-width: 1024px) 100vw, 1024px\" \/><\/noscript><\/div><!-- Story Title --><div class=\"twae-title twae-title twae-title twae-title twae-title twae-title twae-title twae-title twae-title\">Animal Nutrition<\/div><!-- Story Description --><div class=\"twae-description twae-description twae-description twae-description twae-description twae-description twae-description twae-description twae-description\"><p>Intertrade expande su portafolio de servicios con la creaci\u00f3n de la divisi\u00f3n Animal Nutrition, enfocada en ofrecer soluciones nutricionales avanzadas para la industria de la alimentaci\u00f3n animal.<\/p><\/div><\/div><\/div><\/div><\/div><\/div> <!-- Add Arrows -->\r\n       <div class=\"twae-button-prev\"><i class=\"fas fa-chevron-left\"><\/i><\/div>\r\n       <div class=\"twae-button-next\"><i class=\"fas fa-chevron-right\"><\/i><\/div>\r\n       <div class=\"twae-h-line\"><\/div>\r\n       <div class=\"twae-line-fill\"><\/div>\r\n    <\/div><style type=\"text\/css\">@media (max-width: 1024px){ .twae-wrapper{--tw-ybx-size: 75px !important;}}@media (max-width: 767px){ .twae-wrapper{--tw-ybx-size: 75px !important}}<\/style>\t\t<\/div>\n\t\t\t\t<\/div>\n\t\t\t\t\t<\/div>\n\t\t\t\t<\/div>\n\t\t\t\t<\/div>\n\t\t","protected":false},"excerpt":{"rendered":"<p>1960ICIICI Jos\u00e9 Antonio Herrera M\u00e9ndez, fundador, comienza su carrera profesional en 1960 trabajando para Imperial Chemical Industries (ICI), una de las compa\u00f1\u00edas qu\u00edmicas m\u00e1s importantes a nivel mundial. Durante una d\u00e9cada, adquiere una vasta experiencia en la industria qu\u00edmica, lo que sienta las bases para sus futuros emprendimientos. 1970 DegussaDegussa En la d\u00e9cada de 1970, Jos\u00e9 Antonio se une a Metaloqu\u00edmica Mexicana, la cual<\/p>\n","protected":false},"author":1,"featured_media":0,"parent":0,"menu_order":0,"comment_status":"closed","ping_status":"closed","template":"","meta":{"_joinchat":[],"footnotes":""},"class_list":["post-126","page","type-page","status-publish","hentry"],"_links":{"self":[{"href":"https:\/\/staging-5.interchemica.com.mx\/index.php\/wp-json\/wp\/v2\/pages\/126","targetHints":{"allow":["GET"]}}],"collection":[{"href":"https:\/\/staging-5.interchemica.com.mx\/index.php\/wp-json\/wp\/v2\/pages"}],"about":[{"href":"https:\/\/staging-5.interchemica.com.mx\/index.php\/wp-json\/wp\/v2\/types\/page"}],"author":[{"embeddable":true,"href":"https:\/\/staging-5.interchemica.com.mx\/index.php\/wp-json\/wp\/v2\/users\/1"}],"replies":[{"embeddable":true,"href":"https:\/\/staging-5.interchemica.com.mx\/index.php\/wp-json\/wp\/v2\/comments?post=126"}],"version-history":[{"count":84,"href":"https:\/\/staging-5.interchemica.com.mx\/index.php\/wp-json\/wp\/v2\/pages\/126\/revisions"}],"predecessor-version":[{"id":799,"href":"https:\/\/staging-5.interchemica.com.mx\/index.php\/wp-json\/wp\/v2\/pages\/126\/revisions\/799"}],"wp:attachment":[{"href":"https:\/\/staging-5.interchemica.com.mx\/index.php\/wp-json\/wp\/v2\/media?parent=126"}],"curies":[{"name":"wp","href":"https:\/\/api.w.org\/{rel}","templated":true}]}}